{"id":198,"date":"2023-09-26T15:04:34","date_gmt":"2023-09-26T13:04:34","guid":{"rendered":"http:\/\/avdinfh.cluster026.hosting.ovh.net\/wordpress\/?page_id=198"},"modified":"2025-06-25T14:43:06","modified_gmt":"2025-06-25T12:43:06","slug":"vente","status":"publish","type":"page","link":"https:\/\/avdinformatique.fr\/index.php\/vente\/","title":{"rendered":"Vente"},"content":{"rendered":"\n<figure class=\"wp-block-image size-large\"><img decoding=\"async\" src=\"\/wp-content\/uploads\/2023\/09\/Plus-de-7000-references-en-magasin-ou-sur-commande-2.gif\" alt=\"\"\/><\/figure>\n\n\n\n<p>Nous vous proposons une large gamme de mat\u00e9riel informatique ! <\/p>\n\n\n\n<p>Voici une liste non exhaustive de ce que vous pourrez y trouver :<\/p>\n\n\n\n<ul class=\"wp-block-list\">\n<li>Ordinateurs : Fixe, portable, gamer, mini PC<\/li>\n\n\n\n<li>Composants : Processeur, carte graphique, carte m\u00e8re, RAM, boitiers, watercooling, etc.<\/li>\n\n\n\n<li>P\u00e9riph\u00e9riques : Ecran, souris, clavier, casque, manette de jeux, imprimante, volant, tapis de souris etc.<\/li>\n\n\n\n<li>Connectiques : c\u00e2ble USB, HDMI, USB-C, Android, imprimante, etc.<\/li>\n\n\n\n<li>Logiciels : Windows 10\/11, Suite Office<\/li>\n\n\n\n<li>Stockage : Disque dur HDD, SSD, M2 NVME, Cl\u00e9 usb, NAS, carte m\u00e9moire SD, SDHC, micro SD, etc.<\/li>\n\n\n\n<li>R\u00e9seaux : Routeur Wifi, r\u00e9p\u00e9teur Wifi, c\u00e2ble r\u00e9seau RJ45, cam\u00e9ra IP, etc.<br><br><\/li>\n<\/ul>\n\n\n\n<figure class=\"wp-block-image aligncenter size-large\"><img decoding=\"async\" src=\"\/wp-content\/uploads\/2024\/02\/config_gamer.gif\" alt=\"\"\/><\/figure>\n\n\n\n<figure class=\"wp-block-gallery has-nested-images columns-default is-cropped wp-block-gallery-1 is-layout-flex wp-block-gallery-is-layout-flex\">\n<figure class=\"wp-block-image size-large\"><img loading=\"lazy\" decoding=\"async\" width=\"1024\" height=\"771\" data-id=\"336\" src=\"https:\/\/avdinformatique.fr\/wp-content\/uploads\/2025\/06\/PXL_20250619_154529377-1024x771.jpg\" alt=\"\" class=\"wp-image-336\" srcset=\"https:\/\/avdinformatique.fr\/wp-content\/uploads\/2025\/06\/PXL_20250619_154529377-1024x771.jpg 1024w, https:\/\/avdinformatique.fr\/wp-content\/uploads\/2025\/06\/PXL_20250619_154529377-300x226.jpg 300w, https:\/\/avdinformatique.fr\/wp-content\/uploads\/2025\/06\/PXL_20250619_154529377-768x578.jpg 768w, https:\/\/avdinformatique.fr\/wp-content\/uploads\/2025\/06\/PXL_20250619_154529377-1536x1157.jpg 1536w, https:\/\/avdinformatique.fr\/wp-content\/uploads\/2025\/06\/PXL_20250619_154529377-2048x1542.jpg 2048w\" sizes=\"auto, (max-width: 1024px) 100vw, 1024px\" \/><\/figure>\n\n\n\n<figure class=\"wp-block-image size-large\"><img loading=\"lazy\" decoding=\"async\" width=\"1024\" height=\"771\" data-id=\"356\" src=\"https:\/\/avdinformatique.fr\/wp-content\/uploads\/2025\/06\/PXL_20250506_095603147.MP_-1024x771.jpg\" alt=\"\" class=\"wp-image-356\" srcset=\"https:\/\/avdinformatique.fr\/wp-content\/uploads\/2025\/06\/PXL_20250506_095603147.MP_-1024x771.jpg 1024w, https:\/\/avdinformatique.fr\/wp-content\/uploads\/2025\/06\/PXL_20250506_095603147.MP_-300x226.jpg 300w, https:\/\/avdinformatique.fr\/wp-content\/uploads\/2025\/06\/PXL_20250506_095603147.MP_-768x578.jpg 768w, https:\/\/avdinformatique.fr\/wp-content\/uploads\/2025\/06\/PXL_20250506_095603147.MP_-1536x1157.jpg 1536w, https:\/\/avdinformatique.fr\/wp-content\/uploads\/2025\/06\/PXL_20250506_095603147.MP_-2048x1542.jpg 2048w\" sizes=\"auto, (max-width: 1024px) 100vw, 1024px\" \/><\/figure>\n\n\n\n<figure class=\"wp-block-image size-large\"><img loading=\"lazy\" decoding=\"async\" width=\"771\" height=\"1024\" data-id=\"369\" src=\"https:\/\/avdinformatique.fr\/wp-content\/uploads\/2025\/06\/PXL_20240222_144114078-771x1024.jpg\" alt=\"\" class=\"wp-image-369\" srcset=\"https:\/\/avdinformatique.fr\/wp-content\/uploads\/2025\/06\/PXL_20240222_144114078-771x1024.jpg 771w, https:\/\/avdinformatique.fr\/wp-content\/uploads\/2025\/06\/PXL_20240222_144114078-226x300.jpg 226w, https:\/\/avdinformatique.fr\/wp-content\/uploads\/2025\/06\/PXL_20240222_144114078-768x1020.jpg 768w, https:\/\/avdinformatique.fr\/wp-content\/uploads\/2025\/06\/PXL_20240222_144114078-1157x1536.jpg 1157w, https:\/\/avdinformatique.fr\/wp-content\/uploads\/2025\/06\/PXL_20240222_144114078-1542x2048.jpg 1542w, https:\/\/avdinformatique.fr\/wp-content\/uploads\/2025\/06\/PXL_20240222_144114078-scaled.jpg 1928w\" sizes=\"auto, (max-width: 771px) 100vw, 771px\" \/><\/figure>\n<\/figure>\n","protected":false},"excerpt":{"rendered":"<p>Nous vous proposons une large gamme de mat\u00e9riel informatique ! Voici une liste non exhaustive de ce que vous pourrez y trouver :<\/p>\n","protected":false},"author":1,"featured_media":0,"parent":0,"menu_order":0,"comment_status":"closed","ping_status":"closed","template":"","meta":{"footnotes":""},"class_list":["post-198","page","type-page","status-publish","hentry"],"_links":{"self":[{"href":"https:\/\/avdinformatique.fr\/index.php\/wp-json\/wp\/v2\/pages\/198","targetHints":{"allow":["GET"]}}],"collection":[{"href":"https:\/\/avdinformatique.fr\/index.php\/wp-json\/wp\/v2\/pages"}],"about":[{"href":"https:\/\/avdinformatique.fr\/index.php\/wp-json\/wp\/v2\/types\/page"}],"author":[{"embeddable":true,"href":"https:\/\/avdinformatique.fr\/index.php\/wp-json\/wp\/v2\/users\/1"}],"replies":[{"embeddable":true,"href":"https:\/\/avdinformatique.fr\/index.php\/wp-json\/wp\/v2\/comments?post=198"}],"version-history":[{"count":13,"href":"https:\/\/avdinformatique.fr\/index.php\/wp-json\/wp\/v2\/pages\/198\/revisions"}],"predecessor-version":[{"id":372,"href":"https:\/\/avdinformatique.fr\/index.php\/wp-json\/wp\/v2\/pages\/198\/revisions\/372"}],"wp:attachment":[{"href":"https:\/\/avdinformatique.fr\/index.php\/wp-json\/wp\/v2\/media?parent=198"}],"curies":[{"name":"wp","href":"https:\/\/api.w.org\/{rel}","templated":true}]}}