{"id":62,"date":"2023-09-15T17:16:50","date_gmt":"2023-09-15T15:16:50","guid":{"rendered":"http:\/\/avdinfh.cluster026.hosting.ovh.net\/wordpress\/?page_id=62"},"modified":"2025-06-25T14:44:04","modified_gmt":"2025-06-25T12:44:04","slug":"produits-derives","status":"publish","type":"page","link":"https:\/\/avdinformatique.fr\/index.php\/produits-derives\/","title":{"rendered":"Produits d\u00e9riv\u00e9s"},"content":{"rendered":"\n<figure class=\"wp-block-image size-large\"><img decoding=\"async\" src=\"\/wp-content\/uploads\/2023\/09\/produits_derives-1.gif\" alt=\"\"\/><\/figure>\n\n\n\n<blockquote class=\"wp-block-quote is-layout-flow wp-block-quote-is-layout-flow\">\n<p>Nous vous proposons une large gamme de choix de qualit\u00e9 pour le bonheur des petits comme des grands.<\/p>\n\n\n\n<p>Nous recevons r\u00e9guli\u00e8rement de nouveaux arrivages de plusieurs marques ! N&rsquo;h\u00e9sitez pas \u00e0 venir nous voir r\u00e9guli\u00e8rement afin de d\u00e9couvrir nos nouveaut\u00e9s.<\/p>\n\n\n\n<p><\/p>\n<\/blockquote>\n\n\n\n<figure class=\"wp-block-gallery has-nested-images columns-default is-cropped wp-block-gallery-1 is-layout-flex wp-block-gallery-is-layout-flex\">\n<figure class=\"wp-block-image size-large\"><img loading=\"lazy\" decoding=\"async\" width=\"1024\" height=\"771\" data-id=\"342\" src=\"https:\/\/avdinformatique.fr\/wp-content\/uploads\/2025\/06\/PXL_20250619_154449481-1024x771.jpg\" alt=\"\" class=\"wp-image-342\" srcset=\"https:\/\/avdinformatique.fr\/wp-content\/uploads\/2025\/06\/PXL_20250619_154449481-1024x771.jpg 1024w, https:\/\/avdinformatique.fr\/wp-content\/uploads\/2025\/06\/PXL_20250619_154449481-300x226.jpg 300w, https:\/\/avdinformatique.fr\/wp-content\/uploads\/2025\/06\/PXL_20250619_154449481-768x578.jpg 768w, https:\/\/avdinformatique.fr\/wp-content\/uploads\/2025\/06\/PXL_20250619_154449481-1536x1157.jpg 1536w, https:\/\/avdinformatique.fr\/wp-content\/uploads\/2025\/06\/PXL_20250619_154449481-2048x1542.jpg 2048w\" sizes=\"auto, (max-width: 1024px) 100vw, 1024px\" \/><\/figure>\n\n\n\n<figure class=\"wp-block-image size-large\"><img loading=\"lazy\" decoding=\"async\" width=\"771\" height=\"1024\" data-id=\"338\" src=\"https:\/\/avdinformatique.fr\/wp-content\/uploads\/2025\/06\/PXL_20250619_154513229-771x1024.jpg\" alt=\"\" class=\"wp-image-338\" srcset=\"https:\/\/avdinformatique.fr\/wp-content\/uploads\/2025\/06\/PXL_20250619_154513229-771x1024.jpg 771w, https:\/\/avdinformatique.fr\/wp-content\/uploads\/2025\/06\/PXL_20250619_154513229-226x300.jpg 226w, https:\/\/avdinformatique.fr\/wp-content\/uploads\/2025\/06\/PXL_20250619_154513229-768x1020.jpg 768w, https:\/\/avdinformatique.fr\/wp-content\/uploads\/2025\/06\/PXL_20250619_154513229-1157x1536.jpg 1157w, https:\/\/avdinformatique.fr\/wp-content\/uploads\/2025\/06\/PXL_20250619_154513229-1542x2048.jpg 1542w, https:\/\/avdinformatique.fr\/wp-content\/uploads\/2025\/06\/PXL_20250619_154513229-scaled.jpg 1928w\" sizes=\"auto, (max-width: 771px) 100vw, 771px\" \/><\/figure>\n\n\n\n<figure class=\"wp-block-image size-large\"><img loading=\"lazy\" decoding=\"async\" width=\"771\" height=\"1024\" data-id=\"337\" src=\"https:\/\/avdinformatique.fr\/wp-content\/uploads\/2025\/06\/PXL_20250619_154521094-771x1024.jpg\" alt=\"\" class=\"wp-image-337\" srcset=\"https:\/\/avdinformatique.fr\/wp-content\/uploads\/2025\/06\/PXL_20250619_154521094-771x1024.jpg 771w, https:\/\/avdinformatique.fr\/wp-content\/uploads\/2025\/06\/PXL_20250619_154521094-226x300.jpg 226w, https:\/\/avdinformatique.fr\/wp-content\/uploads\/2025\/06\/PXL_20250619_154521094-768x1020.jpg 768w, https:\/\/avdinformatique.fr\/wp-content\/uploads\/2025\/06\/PXL_20250619_154521094-1157x1536.jpg 1157w, https:\/\/avdinformatique.fr\/wp-content\/uploads\/2025\/06\/PXL_20250619_154521094-1542x2048.jpg 1542w, https:\/\/avdinformatique.fr\/wp-content\/uploads\/2025\/06\/PXL_20250619_154521094-scaled.jpg 1928w\" sizes=\"auto, (max-width: 771px) 100vw, 771px\" \/><\/figure>\n<\/figure>\n","protected":false},"excerpt":{"rendered":"<p>Nous vous proposons une large gamme de choix de qualit\u00e9 pour le bonheur des petits comme des grands. Nous recevons r\u00e9guli\u00e8rement de nouveaux arrivages de plusieurs marques ! N&rsquo;h\u00e9sitez pas \u00e0 venir nous voir r\u00e9guli\u00e8rement afin de d\u00e9couvrir nos nouveaut\u00e9s.<\/p>\n","protected":false},"author":1,"featured_media":187,"parent":0,"menu_order":0,"comment_status":"closed","ping_status":"closed","template":"","meta":{"footnotes":""},"class_list":["post-62","page","type-page","status-publish","has-post-thumbnail","hentry"],"_links":{"self":[{"href":"https:\/\/avdinformatique.fr\/index.php\/wp-json\/wp\/v2\/pages\/62","targetHints":{"allow":["GET"]}}],"collection":[{"href":"https:\/\/avdinformatique.fr\/index.php\/wp-json\/wp\/v2\/pages"}],"about":[{"href":"https:\/\/avdinformatique.fr\/index.php\/wp-json\/wp\/v2\/types\/page"}],"author":[{"embeddable":true,"href":"https:\/\/avdinformatique.fr\/index.php\/wp-json\/wp\/v2\/users\/1"}],"replies":[{"embeddable":true,"href":"https:\/\/avdinformatique.fr\/index.php\/wp-json\/wp\/v2\/comments?post=62"}],"version-history":[{"count":11,"href":"https:\/\/avdinformatique.fr\/index.php\/wp-json\/wp\/v2\/pages\/62\/revisions"}],"predecessor-version":[{"id":373,"href":"https:\/\/avdinformatique.fr\/index.php\/wp-json\/wp\/v2\/pages\/62\/revisions\/373"}],"wp:featuredmedia":[{"embeddable":true,"href":"https:\/\/avdinformatique.fr\/index.php\/wp-json\/wp\/v2\/media\/187"}],"wp:attachment":[{"href":"https:\/\/avdinformatique.fr\/index.php\/wp-json\/wp\/v2\/media?parent=62"}],"curies":[{"name":"wp","href":"https:\/\/api.w.org\/{rel}","templated":true}]}}