{"id":65,"date":"2023-09-15T17:18:30","date_gmt":"2023-09-15T15:18:30","guid":{"rendered":"http:\/\/avdinfh.cluster026.hosting.ovh.net\/wordpress\/?page_id=65"},"modified":"2024-02-18T13:19:48","modified_gmt":"2024-02-18T12:19:48","slug":"services","status":"publish","type":"page","link":"https:\/\/avdinformatique.fr\/index.php\/services\/","title":{"rendered":"Services"},"content":{"rendered":"\n<figure class=\"wp-block-image size-large\"><img decoding=\"async\" src=\"\/wp-content\/uploads\/2023\/10\/Plus-de-7000-references-en-magasin-ou-sur-commande-3.gif\" alt=\"\"\/><\/figure>\n\n\n\n<div class=\"wp-block-columns is-layout-flex wp-container-core-columns-is-layout-28f84493 wp-block-columns-is-layout-flex\">\n<div class=\"wp-block-column is-layout-flow wp-block-column-is-layout-flow\" style=\"flex-basis:15%\">\n<figure class=\"wp-block-image is-resized\"><img loading=\"lazy\" decoding=\"async\" width=\"512\" height=\"512\" src=\"http:\/\/avdinfh.cluster026.hosting.ovh.net\/wordpress\/wp-content\/uploads\/2023\/09\/soutien-technique.png\" alt=\"\" class=\"wp-image-84\" style=\"width:67px;height:67px\" srcset=\"https:\/\/avdinformatique.fr\/wp-content\/uploads\/2023\/09\/soutien-technique.png 512w, https:\/\/avdinformatique.fr\/wp-content\/uploads\/2023\/09\/soutien-technique-300x300.png 300w, https:\/\/avdinformatique.fr\/wp-content\/uploads\/2023\/09\/soutien-technique-150x150.png 150w\" sizes=\"auto, (max-width: 512px) 100vw, 512px\" \/><\/figure>\n<\/div>\n\n\n\n<div class=\"wp-block-column is-vertically-aligned-center is-layout-flow wp-block-column-is-layout-flow\" style=\"flex-basis:85%\">\n<p>Nous pouvons vous aider pour tous vos probl\u00e8mes informatique ! Que ce soit un \u00e9cran bleu, un ordinateur qui ne s&rsquo;allume plus ou encore un probl\u00e8me d\u00fb \u00e0 un virus ! Nous pourrons \u00e9tablir un devis pr\u00e9cis et remettre votre mat\u00e9riel dans les meilleures conditions possible.<\/p>\n<\/div>\n<\/div>\n\n\n\n<div class=\"wp-block-columns is-layout-flex wp-container-core-columns-is-layout-28f84493 wp-block-columns-is-layout-flex\">\n<div class=\"wp-block-column is-layout-flow wp-block-column-is-layout-flow\" style=\"flex-basis:15%\">\n<figure class=\"wp-block-image size-full is-resized\"><img loading=\"lazy\" decoding=\"async\" width=\"512\" height=\"512\" src=\"http:\/\/avdinfh.cluster026.hosting.ovh.net\/wordpress\/wp-content\/uploads\/2023\/09\/conseils.png\" alt=\"\" class=\"wp-image-85\" style=\"width:67px;height:67px\" srcset=\"https:\/\/avdinformatique.fr\/wp-content\/uploads\/2023\/09\/conseils.png 512w, https:\/\/avdinformatique.fr\/wp-content\/uploads\/2023\/09\/conseils-300x300.png 300w, https:\/\/avdinformatique.fr\/wp-content\/uploads\/2023\/09\/conseils-150x150.png 150w\" sizes=\"auto, (max-width: 512px) 100vw, 512px\" \/><\/figure>\n<\/div>\n\n\n\n<div class=\"wp-block-column is-vertically-aligned-center is-layout-flow wp-block-column-is-layout-flow\" style=\"flex-basis:85%\">\n<p class=\"has-text-align-justify\">Nous pouvons vous conseiller afin de choisir un mat\u00e9riel performant et de qualit\u00e9. Nous sommes la pour r\u00e9pondre \u00e0 vos besoins et \u00e0 vos questions ! Nous pourrons vous \u00e9tablir des devis personnalis\u00e9s et qualitatifs.<\/p>\n<\/div>\n<\/div>\n\n\n\n<div class=\"wp-block-columns is-layout-flex wp-container-core-columns-is-layout-28f84493 wp-block-columns-is-layout-flex\">\n<div class=\"wp-block-column is-layout-flow wp-block-column-is-layout-flow\" style=\"flex-basis:15%\">\n<figure class=\"wp-block-image size-full is-resized\"><img loading=\"lazy\" decoding=\"async\" width=\"512\" height=\"512\" src=\"http:\/\/avdinfh.cluster026.hosting.ovh.net\/wordpress\/wp-content\/uploads\/2023\/09\/wifi.png\" alt=\"\" class=\"wp-image-86\" style=\"width:67px;height:67px\" srcset=\"https:\/\/avdinformatique.fr\/wp-content\/uploads\/2023\/09\/wifi.png 512w, https:\/\/avdinformatique.fr\/wp-content\/uploads\/2023\/09\/wifi-300x300.png 300w, https:\/\/avdinformatique.fr\/wp-content\/uploads\/2023\/09\/wifi-150x150.png 150w\" sizes=\"auto, (max-width: 512px) 100vw, 512px\" \/><\/figure>\n<\/div>\n\n\n\n<div class=\"wp-block-column is-vertically-aligned-center is-layout-flow wp-block-column-is-layout-flow\" style=\"flex-basis:85%\">\n<p class=\"has-text-align-left\">Un espace d\u00e9di\u00e9 est disponible dans notre boutique afin de pouvoir consulter vos messages, acc\u00e9der \u00e0 internet, etc. (voir conditions et tarifs en boutique)<\/p>\n<\/div>\n<\/div>\n\n\n\n<div class=\"wp-block-columns is-layout-flex wp-container-core-columns-is-layout-28f84493 wp-block-columns-is-layout-flex\">\n<div class=\"wp-block-column is-layout-flow wp-block-column-is-layout-flow\" style=\"flex-basis:15%\">\n<figure class=\"wp-block-image size-full is-resized\"><img loading=\"lazy\" decoding=\"async\" width=\"512\" height=\"512\" src=\"http:\/\/avdinfh.cluster026.hosting.ovh.net\/wordpress\/wp-content\/uploads\/2023\/09\/imprimante.png\" alt=\"\" class=\"wp-image-87\" style=\"width:67px;height:67px\" srcset=\"https:\/\/avdinformatique.fr\/wp-content\/uploads\/2023\/09\/imprimante.png 512w, https:\/\/avdinformatique.fr\/wp-content\/uploads\/2023\/09\/imprimante-300x300.png 300w, https:\/\/avdinformatique.fr\/wp-content\/uploads\/2023\/09\/imprimante-150x150.png 150w\" sizes=\"auto, (max-width: 512px) 100vw, 512px\" \/><\/figure>\n<\/div>\n\n\n\n<div class=\"wp-block-column is-vertically-aligned-center is-layout-flow wp-block-column-is-layout-flow\" style=\"flex-basis:85%\">\n<p class=\"has-text-align-left\">Un acc\u00e8s impression est \u00e0 votre disposition en boutique que ce soit pour imprimer, scanner ou photocopier des documents  (voir conditions et tarifs en boutique)<\/p>\n<\/div>\n<\/div>\n\n\n\n<div class=\"wp-block-columns is-layout-flex wp-container-core-columns-is-layout-28f84493 wp-block-columns-is-layout-flex\">\n<div class=\"wp-block-column is-layout-flow wp-block-column-is-layout-flow\" style=\"flex-basis:15%\">\n<figure class=\"wp-block-image size-full is-resized\"><img loading=\"lazy\" decoding=\"async\" width=\"512\" height=\"512\" src=\"http:\/\/avdinfh.cluster026.hosting.ovh.net\/wordpress\/wp-content\/uploads\/2023\/10\/maison-2.png\" alt=\"\" class=\"wp-image-243\" style=\"width:67px;height:67px\" srcset=\"https:\/\/avdinformatique.fr\/wp-content\/uploads\/2023\/10\/maison-2.png 512w, https:\/\/avdinformatique.fr\/wp-content\/uploads\/2023\/10\/maison-2-300x300.png 300w, https:\/\/avdinformatique.fr\/wp-content\/uploads\/2023\/10\/maison-2-150x150.png 150w\" sizes=\"auto, (max-width: 512px) 100vw, 512px\" \/><\/figure>\n<\/div>\n\n\n\n<div class=\"wp-block-column is-vertically-aligned-center is-layout-flow wp-block-column-is-layout-flow\" style=\"flex-basis:85%\">\n<p class=\"has-text-align-left\">Vous avez des probl\u00e8mes internet ? Impression ? Nous pouvons venir chez vous directement afin de vous aider ou de vous installer du mat\u00e9riel (Voir conditions et tarifs en boutique)<\/p>\n<\/div>\n<\/div>\n","protected":false},"excerpt":{"rendered":"<p>Nous pouvons vous aider pour tous vos probl\u00e8mes informatique ! Que ce soit un \u00e9cran bleu, un ordinateur qui ne s&rsquo;allume plus ou encore un probl\u00e8me d\u00fb \u00e0 un virus ! Nous pourrons \u00e9tablir un devis pr\u00e9cis et remettre votre&#8230;<\/p>\n","protected":false},"author":1,"featured_media":90,"parent":0,"menu_order":0,"comment_status":"closed","ping_status":"closed","template":"","meta":{"footnotes":""},"class_list":["post-65","page","type-page","status-publish","has-post-thumbnail","hentry"],"_links":{"self":[{"href":"https:\/\/avdinformatique.fr\/index.php\/wp-json\/wp\/v2\/pages\/65","targetHints":{"allow":["GET"]}}],"collection":[{"href":"https:\/\/avdinformatique.fr\/index.php\/wp-json\/wp\/v2\/pages"}],"about":[{"href":"https:\/\/avdinformatique.fr\/index.php\/wp-json\/wp\/v2\/types\/page"}],"author":[{"embeddable":true,"href":"https:\/\/avdinformatique.fr\/index.php\/wp-json\/wp\/v2\/users\/1"}],"replies":[{"embeddable":true,"href":"https:\/\/avdinformatique.fr\/index.php\/wp-json\/wp\/v2\/comments?post=65"}],"version-history":[{"count":15,"href":"https:\/\/avdinformatique.fr\/index.php\/wp-json\/wp\/v2\/pages\/65\/revisions"}],"predecessor-version":[{"id":282,"href":"https:\/\/avdinformatique.fr\/index.php\/wp-json\/wp\/v2\/pages\/65\/revisions\/282"}],"wp:featuredmedia":[{"embeddable":true,"href":"https:\/\/avdinformatique.fr\/index.php\/wp-json\/wp\/v2\/media\/90"}],"wp:attachment":[{"href":"https:\/\/avdinformatique.fr\/index.php\/wp-json\/wp\/v2\/media?parent=65"}],"curies":[{"name":"wp","href":"https:\/\/api.w.org\/{rel}","templated":true}]}}